{"id":3,"date":"2021-06-21T17:17:19","date_gmt":"2021-06-21T17:17:19","guid":{"rendered":"https:\/\/piquinotti.com\/pontoamazonico\/?page_id=3"},"modified":"2023-03-27T19:34:27","modified_gmt":"2023-03-27T19:34:27","slug":"politica-privacidad","status":"publish","type":"page","link":"https:\/\/pontoamazonico.mx\/en\/politica-privacidad\/","title":{"rendered":"Pol\u00edtica de garant\u00eda"},"content":{"rendered":"<div data-elementor-type=\"wp-page\" data-elementor-id=\"3\" class=\"elementor elementor-3\">\n\t\t\t\t\t\t<section class=\"elementor-section elementor-top-section elementor-element elementor-element-1cfac913 elementor-section-boxed elementor-section-height-default elementor-section-height-default elementor-invisible\" data-id=\"1cfac913\" data-element_type=\"section\" data-settings=\"{&quot;animation&quot;:&quot;fadeInUp&quot;}\">\n\t\t\t\t\t\t<div class=\"elementor-container elementor-column-gap-default\">\n\t\t\t\t\t<div class=\"elementor-column elementor-col-100 elementor-top-column elementor-element elementor-element-34d8059d\" data-id=\"34d8059d\" data-element_type=\"column\">\n\t\t\t<div class=\"elementor-widget-wrap elementor-element-populated\">\n\t\t\t\t\t\t<div class=\"elementor-element elementor-element-6d9754d elementor-widget elementor-widget-text-editor\" data-id=\"6d9754d\" data-element_type=\"widget\" data-widget_type=\"text-editor.default\">\n\t\t\t\t<div class=\"elementor-widget-container\">\n\t\t\t<style>\/*! elementor - v3.21.0 - 22-05-2024 *\/\n.elementor-widget-text-editor.elementor-drop-cap-view-stacked .elementor-drop-cap{background-color:#69727d;color:#fff}.elementor-widget-text-editor.elementor-drop-cap-view-framed .elementor-drop-cap{color:#69727d;border:3px solid;background-color:transparent}.elementor-widget-text-editor:not(.elementor-drop-cap-view-default) .elementor-drop-cap{margin-top:8px}.elementor-widget-text-editor:not(.elementor-drop-cap-view-default) .elementor-drop-cap-letter{width:1em;height:1em}.elementor-widget-text-editor .elementor-drop-cap{float:left;text-align:center;line-height:1;font-size:50px}.elementor-widget-text-editor .elementor-drop-cap-letter{display:inline-block}<\/style>\t\t\t\t<p><span style=\"font-size: 14pt;\">Nuestros asesores te informar\u00e1n las consecuencias y\/o posibles resultados acorde al estado actual de tu cabello, y dar\u00e1n la recomendaci\u00f3n m\u00e1s adecuada seg\u00fan sea tu condici\u00f3n, sin embargo la decisi\u00f3n final de qu\u00e9 proceso es el que se aplicar\u00e1 est\u00e1 a cargo de nuestros clientes, raz\u00f3n por la que si a pesar de haber recibido una recomendaci\u00f3n usted toma la determinaci\u00f3n de aprobar la aplicaci\u00f3n de los productos utilizados por nosotros, PONTO AMAZONICO queda eximido de todo tipo de responsabilidad y garant\u00eda.<\/span><\/p>\n<p><span style=\"font-size: 14pt;\">Como se indic\u00f3 con anterioridad la efectividad no implica necesariamente un liso extremo, eliminaci\u00f3n total del frizz ni la restauraci\u00f3n completa de la hebra, ya que las por las condiciones de cada cabello los resultados pueden variar, sin embargo, si por parte de nuestros asesores recibiste aprobaci\u00f3n y promesa de efectividad, \u00e9sta garant\u00eda solo aplicar\u00e1 dentro de los primeros 15 d\u00edas calendario despu\u00e9s de haber realizado el procedimiento, ya que es el t\u00e9rmino para identificar si el cabello rechaza el producto que PONTO AMAZONICO utiliza. Despu\u00e9s de este periodo, bajo ninguna raz\u00f3n o circunstancia se otorgar\u00e1.<\/span><\/p>\n<p><span style=\"font-size: 14pt;\">La garant\u00eda cubre el retoque gratuito del producto en las zonas del cabello en donde el porcentaje de efectividad prometido por nuestros asesores o por este consentimiento informado no se vio reflejado, en caso tal que despu\u00e9s de realizado el tratamiento y no se dio un resultado en la totalidad del cabello se realizar\u00e1 de nuevo el tratamiento sin costo alguno, ellos despu\u00e9s de valorar el resultado con el registro de foto e indicaciones que se registraron en el consentimiento informado.<\/span><\/p>\n<p><span style=\"font-size: 14pt;\">Nuestra garant\u00eda aplica para da\u00f1os ocasionados por un mal procedimiento desarrollado por alguno de nuestros asesores al cabello, cuando se ha resecado, garant\u00eda consiste en la aplicaci\u00f3n de nuestros tratamientos de reconstrucci\u00f3n intensiva y del suministro de los productos de reparaci\u00f3n.<\/span><\/p>\n<ol>\n<li style=\"list-style-type: none;\">\n<ol>\n<li><span style=\"font-size: 14pt;\">No cubre gastos m\u00e9dicos ocasionados por reacciones al\u00e9rgicas o adversas al producto, que en algunos pocos casos pueden presentarse incluso de manera ulterior a la aplicaci\u00f3n.<\/span><\/li>\n<li><span style=\"font-size: 14pt;\">No cubre retoque en ondas ocasionadas, ya que el alisado es progresivo y con el uso continuo se ven reflejados mejores resultados, tampoco cubre la garant\u00eda por ondas generadas por cortes de cabello en capas.<\/span><\/li>\n<li><span style=\"font-size: 14pt;\">No cubre garant\u00eda despu\u00e9s de la realizaci\u00f3n de otros tratamientos qu\u00edmicos como tinturas, decoloraciones, entre otros.<\/span><\/li>\n<li><span style=\"font-size: 14pt;\">La garant\u00eda del retoque no cubre cuando se ha estado en el mar o en la piscina, puesto que es evidencia de un mal manejo.<\/span><\/li>\n<li><span style=\"font-size: 14pt;\">No cubre cambios de color de las tinturas o cambios de otros procesos capilares diferentes al nuestro.<\/span><\/li>\n<\/ol>\n<\/li>\n<\/ol>\n<p id=\"nombre-de-la-tienda-pol\u00edtica-de-t\u00e9rminos-y-condiciones\"><span style=\"font-size: 14pt;\">PONTO AMAZ\u00d3NICO Terms and Conditions Policy<\/span><\/p>\n<p><span style=\"font-size: 14pt;\">Welcome to PONTO AMAZ\u00d3NICO. These terms and conditions describe the rules and regulations for the use of the PONTO AMAZ\u00d3NICO website.<\/span><\/p>\n<p><span style=\"font-size: 14pt;\"><strong>PONTO AMAZ\u00d3NICO is located in<\/strong><\/span><\/p>\n<p><span style=\"font-size: 14pt;\"><i class=\"fibd21- fi-bd21-map-pin\" aria-hidden=\"true\"><\/i><span class=\"elementor-icon-list-text\">Av. Nereo Rodr\u00edguez Barrag\u00e1n 170d Cp 78200<\/span><\/span><\/p>\n<p><span style=\"font-size: 14pt;\">By accessing this website, we assume that you accept these terms and conditions in their entirety. Do not continue using the website <strong>PONTOAMAZONICO.COM<\/strong>\u00a0if you do not accept all the terms and conditions established on this page.<\/span><\/p>\n<p><span style=\"font-size: 14pt;\">The following terminology applies to these Terms and Conditions, Privacy Statement and Legal Notice and any or all of the Agreements: the\u00a0<strong>Customer<\/strong>,\u00a0<strong>You<\/strong>\u00a0and\u00a0<strong>its<\/strong>\u00a0refer to you, the person who accesses this website and accepts the terms and conditions of the Company. The\u00a0<strong>Company, ourselves, us and our<\/strong>, refers to our Company.\u00a0<strong>Party, Parties or Us<\/strong>, refers collectively to the Client and ourselves, or to the Client or ourselves.<\/span><\/p>\n<p><span style=\"font-size: 14pt;\">All the terms refer to the offer, acceptance and consideration of the payment necessary to carry out the process of our assistance to the Client in the most appropriate way, either through formal meetings of a fixed duration, or by any other means, with the express purpose to know the needs of the Client with respect to the provision of the services \/ products declared by the Company, in accordance with and subject to the law in force in Mexico.<\/span><\/p>\n<p><span style=\"font-size: 14pt;\">Any use of the above terminology or other words in the singular, plural, capital letters and \/ or, he \/ she or they, are considered interchangeable and therefore refer to the same thing.<\/span><\/p>\n<p><span style=\"font-size: 14pt;\"><strong>cookies<\/strong><\/span><\/p>\n<p><span style=\"font-size: 14pt;\">We employ the use of cookies. When using the website of <strong>PONTOAMAZONICO.COM<\/strong>, you accept the use of cookies in accordance with the privacy policy of <strong>PONTOAMAZONICO.COM<\/strong>. Most of today&#039;s modern interactive websites use cookies to allow us to retrieve user details for each visit.<\/span><\/p>\n<p><span style=\"font-size: 14pt;\">Cookies are used in some areas of our site to enable the functionality of this area and ease of use for people who visit it. Some of our affiliate \/ advertising partners may also use cookies.<\/span><\/p>\n<p><span style=\"font-size: 14pt;\"><strong>License<\/strong><\/span><\/p>\n<p><span style=\"font-size: 14pt;\">Unless otherwise stated, <strong>PONTOAMAZONICO.COM<\/strong> and \/ or its licensors own the intellectual property rights of all the material in <strong>PONTOAMAZONICO.COM<\/strong>.<\/span><\/p>\n<p><span style=\"font-size: 14pt;\">You must not:<\/span><\/p>\n<ul>\n<li><span style=\"font-size: 14pt;\">Repost material from <strong>PONTOAMAZONICO.COM<\/strong><\/span><\/li>\n<li><span style=\"font-size: 14pt;\">Sell, rent or sub-license material from <strong>PONTOAMAZONICO.COM<\/strong><\/span><\/li>\n<li><span style=\"font-size: 14pt;\">Reproduce, duplicate or copy material from <strong>PONTOAMAZONICO.COM<\/strong><\/span><\/li>\n<li><span style=\"font-size: 14pt;\">Redistribute content from (Store Name), unless the content is specifically made for redistribution.<\/span><\/li>\n<\/ul>\n<p><span style=\"font-size: 14pt;\"><strong>Legal warning<\/strong><\/span><\/p>\n<p><span style=\"font-size: 14pt;\">To the maximum extent permitted by applicable law, we exclude all representations, warranties, and conditions relating to our website and the use of this website (including, without limitation, any warranty implied by law regarding satisfactory quality, suitability for the purpose and \/ or use of reasonable care and skill).<\/span><\/p>\n<p><span style=\"font-size: 14pt;\">Nothing in this legal notice:<\/span><\/p>\n<ul>\n<li><span style=\"font-size: 14pt;\">Limits or excludes our or your liability for death or personal injury resulting from negligence.<\/span><\/li>\n<li><span style=\"font-size: 14pt;\">Limit or exclude our or your liability for fraud or fraudulent misrepresentation.<\/span><\/li>\n<li><span style=\"font-size: 14pt;\">Limit any of our or your liabilities in any way that is not permitted by applicable law.<\/span><\/li>\n<li><span style=\"font-size: 14pt;\">It excludes any of our or your responsibilities that cannot be excluded under applicable law.<\/span><\/li>\n<\/ul>\n<p><span style=\"font-size: 14pt;\">The limitations and exclusions of liability established in this Section and in other parts of this legal notice:<\/span><\/p>\n<ol>\n<li><span style=\"font-size: 14pt;\">They are subject to the previous paragraph; and<\/span><\/li>\n<li><span style=\"font-size: 14pt;\">govern all liabilities arising under the liability release or in relation to the object of this liability release, including liabilities arising in contract, tort (including negligence) and breach of legal duty.<\/span><\/li>\n<\/ol>\n<p><span style=\"font-size: 14pt;\">To the extent that the website and the information and services on the website are provided free of charge, we will not be liable for any loss or damage of any kind.<\/span><\/p>\n<p><span style=\"font-size: 14pt;\"><!-- \/wp:paragraph --><\/span><\/p>\t\t\t\t\t\t<\/div>\n\t\t\t\t<\/div>\n\t\t\t\t\t<\/div>\n\t\t<\/div>\n\t\t\t\t\t<\/div>\n\t\t<\/section>\n\t\t\t\t<\/div>","protected":false},"excerpt":{"rendered":"<p>Nuestros asesores te informar\u00e1n las consecuencias y\/o posibles resultados acorde al estado actual de tu cabello, y dar\u00e1n la recomendaci\u00f3n m\u00e1s adecuada&hellip;<\/p>","protected":false},"author":1,"featured_media":0,"parent":0,"menu_order":0,"comment_status":"closed","ping_status":"closed","template":"","meta":{"footnotes":""},"class_list":["post-3","page","type-page","status-publish","hentry"],"_links":{"self":[{"href":"https:\/\/pontoamazonico.mx\/en\/wp-json\/wp\/v2\/pages\/3","targetHints":{"allow":["GET"]}}],"collection":[{"href":"https:\/\/pontoamazonico.mx\/en\/wp-json\/wp\/v2\/pages"}],"about":[{"href":"https:\/\/pontoamazonico.mx\/en\/wp-json\/wp\/v2\/types\/page"}],"author":[{"embeddable":true,"href":"https:\/\/pontoamazonico.mx\/en\/wp-json\/wp\/v2\/users\/1"}],"replies":[{"embeddable":true,"href":"https:\/\/pontoamazonico.mx\/en\/wp-json\/wp\/v2\/comments?post=3"}],"version-history":[{"count":17,"href":"https:\/\/pontoamazonico.mx\/en\/wp-json\/wp\/v2\/pages\/3\/revisions"}],"predecessor-version":[{"id":4461,"href":"https:\/\/pontoamazonico.mx\/en\/wp-json\/wp\/v2\/pages\/3\/revisions\/4461"}],"wp:attachment":[{"href":"https:\/\/pontoamazonico.mx\/en\/wp-json\/wp\/v2\/media?parent=3"}],"curies":[{"name":"wp","href":"https:\/\/api.w.org\/{rel}","templated":true}]}}