{"id":2756,"date":"2021-07-06T04:42:56","date_gmt":"2021-07-06T04:42:56","guid":{"rendered":"https:\/\/piquinotti.com\/pontoamazonico\/?page_id=2756"},"modified":"2023-03-27T06:24:55","modified_gmt":"2023-03-27T06:24:55","slug":"tecnologia","status":"publish","type":"page","link":"https:\/\/pontoamazonico.mx\/en\/tecnologia\/","title":{"rendered":"Get to know our technology"},"content":{"rendered":"<div data-elementor-type=\"wp-page\" data-elementor-id=\"2756\" class=\"elementor elementor-2756\">\n\t\t\t\t\t\t<section class=\"elementor-section elementor-top-section elementor-element elementor-element-c4beda9 elementor-section-full_width elementor-section-height-default elementor-section-height-default elementor-invisible\" data-id=\"c4beda9\" data-element_type=\"section\" data-settings=\"{&quot;animation&quot;:&quot;fadeInUp&quot;}\">\n\t\t\t\t\t\t<div class=\"elementor-container elementor-column-gap-no\">\n\t\t\t\t\t<div class=\"elementor-column elementor-col-100 elementor-top-column elementor-element elementor-element-c7c0774\" data-id=\"c7c0774\" data-element_type=\"column\">\n\t\t\t<div class=\"elementor-widget-wrap elementor-element-populated\">\n\t\t\t\t\t\t<div class=\"elementor-element elementor-element-a2e4774 elementor-widget elementor-widget-ideapark-page-header\" data-id=\"a2e4774\" data-element_type=\"widget\" data-widget_type=\"ideapark-page-header.default\">\n\t\t\t\t<div class=\"elementor-widget-container\">\n\t\t\t\t<header\n\t\tclass=\"l-section c-page-header c-page-header--header-type-4 c-page-header--default c-page-header--low\"\n\t\t>\n\n\t\t\t\t\t<div class=\"c-page-header__wrap\">\n\t\t\t\t\t\t\t\t\t<h1 class=\"c-page-header__title\">Get to know our technology<\/h1>\n\t\t\t\t\t\t\t<\/div>\n\t\t\t\t\t\t\t<div class=\"c-page-header__spacer\"><\/div>\n\t\t\t<\/header>\n\n\t\t<\/div>\n\t\t\t\t<\/div>\n\t\t\t\t\t<\/div>\n\t\t<\/div>\n\t\t\t\t\t<\/div>\n\t\t<\/section>\n\t\t\t\t<section class=\"elementor-section elementor-top-section elementor-element elementor-element-d055c27 elementor-section-boxed elementor-section-height-default elementor-section-height-default elementor-invisible\" data-id=\"d055c27\" data-element_type=\"section\" data-settings=\"{&quot;animation&quot;:&quot;fadeInUp&quot;}\">\n\t\t\t\t\t\t<div class=\"elementor-container elementor-column-gap-default\">\n\t\t\t\t\t<div class=\"elementor-column elementor-col-100 elementor-top-column elementor-element elementor-element-ab2e935\" data-id=\"ab2e935\" data-element_type=\"column\">\n\t\t\t<div class=\"elementor-widget-wrap elementor-element-populated\">\n\t\t\t\t\t\t<div class=\"elementor-element elementor-element-946ac1d elementor-widget elementor-widget-ideapark-heading\" data-id=\"946ac1d\" data-element_type=\"widget\" data-widget_type=\"ideapark-heading.default\">\n\t\t\t\t<div class=\"elementor-widget-container\">\n\t\t\t<div class=\"c-ip-heading c-ip-heading--small c-ip-heading--center c-ip-heading--tablet- c-ip-heading--mobile- c-ip-heading--bullet-hide\"><span class=\"c-ip-heading__inner\">At Ponto Amaz\u00f3nico we offer and use the best of technology applied to beauty and hair care.<\/span><\/div>\t\t<\/div>\n\t\t\t\t<\/div>\n\t\t\t\t\t<\/div>\n\t\t<\/div>\n\t\t\t\t\t<\/div>\n\t\t<\/section>\n\t\t\t\t<section class=\"elementor-section elementor-top-section elementor-element elementor-element-1b733a6 elementor-section-boxed elementor-section-height-default elementor-section-height-default elementor-invisible\" data-id=\"1b733a6\" data-element_type=\"section\" data-settings=\"{&quot;animation&quot;:&quot;fadeInUp&quot;}\">\n\t\t\t\t\t\t<div class=\"elementor-container elementor-column-gap-default\">\n\t\t\t\t\t<div class=\"elementor-column elementor-col-50 elementor-top-column elementor-element elementor-element-e9a6cd1\" data-id=\"e9a6cd1\" data-element_type=\"column\">\n\t\t\t<div class=\"elementor-widget-wrap elementor-element-populated\">\n\t\t\t\t\t\t<div class=\"elementor-element elementor-element-2b1ec45 elementor-widget elementor-widget-ideapark-heading\" data-id=\"2b1ec45\" data-element_type=\"widget\" data-widget_type=\"ideapark-heading.default\">\n\t\t\t\t<div class=\"elementor-widget-container\">\n\t\t\t<div class=\"c-ip-heading c-ip-heading--large c-ip-heading--center c-ip-heading--tablet- c-ip-heading--mobile- c-ip-heading--bullet-hide\"><span class=\"c-ip-heading__inner\">Capilograph<\/span><\/div>\t\t<\/div>\n\t\t\t\t<\/div>\n\t\t\t\t<div class=\"elementor-element elementor-element-cb72a7b elementor-widget elementor-widget-text-editor\" data-id=\"cb72a7b\" data-element_type=\"widget\" data-widget_type=\"text-editor.default\">\n\t\t\t\t<div class=\"elementor-widget-container\">\n\t\t\t<style>\/*! elementor - v3.21.0 - 22-05-2024 *\/\n.elementor-widget-text-editor.elementor-drop-cap-view-stacked .elementor-drop-cap{background-color:#69727d;color:#fff}.elementor-widget-text-editor.elementor-drop-cap-view-framed .elementor-drop-cap{color:#69727d;border:3px solid;background-color:transparent}.elementor-widget-text-editor:not(.elementor-drop-cap-view-default) .elementor-drop-cap{margin-top:8px}.elementor-widget-text-editor:not(.elementor-drop-cap-view-default) .elementor-drop-cap-letter{width:1em;height:1em}.elementor-widget-text-editor .elementor-drop-cap{float:left;text-align:center;line-height:1;font-size:50px}.elementor-widget-text-editor .elementor-drop-cap-letter{display:inline-block}<\/style>\t\t\t\t<p style=\"text-align: left;\"><span style=\"font-weight: 400;\">Prior to any service, treatment or therapy, we carry out a capillary diagnosis with a device called Capilograph.<\/span><\/p><p style=\"text-align: left;\"><span style=\"font-weight: 400;\">The\u00a0<\/span><b>CAPILOGRAPH<\/b><span style=\"font-weight: 400;\">\u00a0It is a digital microscope that allows to size, analyze and know the type of hair and the conditions in which it is found to achieve a deep diagnosis and thus be able to make an adequate recommendation according to the client&#039;s need.<\/span><\/p><p style=\"text-align: left;\"><span style=\"font-weight: 400;\">The diagnostic result is entered into a file that allows us to monitor the treatments and maintenance of each person&#039;s scalp.<\/span><\/p>\t\t\t\t\t\t<\/div>\n\t\t\t\t<\/div>\n\t\t\t\t\t<\/div>\n\t\t<\/div>\n\t\t\t\t<div class=\"elementor-column elementor-col-50 elementor-top-column elementor-element elementor-element-fa1d901\" data-id=\"fa1d901\" data-element_type=\"column\">\n\t\t\t<div class=\"elementor-widget-wrap elementor-element-populated\">\n\t\t\t\t\t\t<div class=\"elementor-element elementor-element-c46d1fe elementor-widget elementor-widget-image\" data-id=\"c46d1fe\" data-element_type=\"widget\" data-widget_type=\"image.default\">\n\t\t\t\t<div class=\"elementor-widget-container\">\n\t\t\t<style>\/*! elementor - v3.21.0 - 22-05-2024 *\/\n.elementor-widget-image{text-align:center}.elementor-widget-image a{display:inline-block}.elementor-widget-image a img[src$=\".svg\"]{width:48px}.elementor-widget-image img{vertical-align:middle;display:inline-block}<\/style>\t\t\t\t\t\t\t\t\t\t<img fetchpriority=\"high\" decoding=\"async\" width=\"460\" height=\"575\" src=\"https:\/\/pontoamazonico.mx\/wp-content\/uploads\/2021\/07\/Capilografo-460x575.jpg\" class=\"attachment-medium size-medium wp-image-2761\" alt=\"\" srcset=\"https:\/\/pontoamazonico.mx\/wp-content\/uploads\/2021\/07\/Capilografo-460x575.jpg 460w, https:\/\/pontoamazonico.mx\/wp-content\/uploads\/2021\/07\/Capilografo-116x145.jpg 116w, https:\/\/pontoamazonico.mx\/wp-content\/uploads\/2021\/07\/Capilografo-232x290.jpg 232w, https:\/\/pontoamazonico.mx\/wp-content\/uploads\/2021\/07\/Capilografo.jpg 720w\" sizes=\"(max-width: 460px) 100vw, 460px\" \/>\t\t\t\t\t\t\t\t\t\t\t\t\t<\/div>\n\t\t\t\t<\/div>\n\t\t\t\t\t<\/div>\n\t\t<\/div>\n\t\t\t\t\t<\/div>\n\t\t<\/section>\n\t\t\t\t<section class=\"elementor-section elementor-top-section elementor-element elementor-element-f974882 elementor-section-boxed elementor-section-height-default elementor-section-height-default elementor-invisible\" data-id=\"f974882\" data-element_type=\"section\" data-settings=\"{&quot;animation&quot;:&quot;fadeInUp&quot;}\">\n\t\t\t\t\t\t<div class=\"elementor-container elementor-column-gap-default\">\n\t\t\t\t\t<div class=\"elementor-column elementor-col-50 elementor-top-column elementor-element elementor-element-02fd8f1\" data-id=\"02fd8f1\" data-element_type=\"column\">\n\t\t\t<div class=\"elementor-widget-wrap elementor-element-populated\">\n\t\t\t\t\t\t<div class=\"elementor-element elementor-element-792d512 elementor-widget elementor-widget-image\" data-id=\"792d512\" data-element_type=\"widget\" data-widget_type=\"image.default\">\n\t\t\t\t<div class=\"elementor-widget-container\">\n\t\t\t\t\t\t\t\t\t\t\t\t\t<img decoding=\"async\" width=\"460\" height=\"575\" src=\"https:\/\/pontoamazonico.mx\/wp-content\/uploads\/2021\/07\/photon-460x575.jpg\" class=\"attachment-medium size-medium wp-image-2769\" alt=\"\" srcset=\"https:\/\/pontoamazonico.mx\/wp-content\/uploads\/2021\/07\/photon-460x575.jpg 460w, https:\/\/pontoamazonico.mx\/wp-content\/uploads\/2021\/07\/photon-116x145.jpg 116w, https:\/\/pontoamazonico.mx\/wp-content\/uploads\/2021\/07\/photon-232x290.jpg 232w, https:\/\/pontoamazonico.mx\/wp-content\/uploads\/2021\/07\/photon.jpg 720w\" sizes=\"(max-width: 460px) 100vw, 460px\" \/>\t\t\t\t\t\t\t\t\t\t\t\t\t<\/div>\n\t\t\t\t<\/div>\n\t\t\t\t\t<\/div>\n\t\t<\/div>\n\t\t\t\t<div class=\"elementor-column elementor-col-50 elementor-top-column elementor-element elementor-element-b7ec0c6\" data-id=\"b7ec0c6\" data-element_type=\"column\">\n\t\t\t<div class=\"elementor-widget-wrap elementor-element-populated\">\n\t\t\t\t\t\t<div class=\"elementor-element elementor-element-db7b804 elementor-widget elementor-widget-ideapark-heading\" data-id=\"db7b804\" data-element_type=\"widget\" data-widget_type=\"ideapark-heading.default\">\n\t\t\t\t<div class=\"elementor-widget-container\">\n\t\t\t<div class=\"c-ip-heading c-ip-heading--large c-ip-heading--center c-ip-heading--tablet- c-ip-heading--mobile- c-ip-heading--bullet-hide\"><span class=\"c-ip-heading__inner\">Photon lizze<\/span><\/div>\t\t<\/div>\n\t\t\t\t<\/div>\n\t\t\t\t<div class=\"elementor-element elementor-element-5f72070 elementor-widget elementor-widget-text-editor\" data-id=\"5f72070\" data-element_type=\"widget\" data-widget_type=\"text-editor.default\">\n\t\t\t\t<div class=\"elementor-widget-container\">\n\t\t\t\t\t\t\t<p><span style=\"font-weight: 400;\">The <strong>Photon lizze<\/strong> It is equipped with the highest technology, capable of providing spectacular results on hair strands. This is because its 450 nanometer blue light waves come into direct contact with the hair cuticle, obtaining more lasting and surprising results. When it comes into contact with the hair, the laser initiates the chemical reactions between the compounds of the product distributed on the hair, enhancing its effect and prolonging its durability through the penetration and fixation of the product in the hair fibers.<\/span><\/p><p><span style=\"font-weight: 400;\">It is a new solution to return the lost keratin of the hair. It is applied directly to the head, directing the light towards the hair, allowing the reach of the entire head.<\/span><\/p>\t\t\t\t\t\t<\/div>\n\t\t\t\t<\/div>\n\t\t\t\t\t<\/div>\n\t\t<\/div>\n\t\t\t\t\t<\/div>\n\t\t<\/section>\n\t\t\t\t<section class=\"elementor-section elementor-top-section elementor-element elementor-element-95ca087 elementor-section-boxed elementor-section-height-default elementor-section-height-default elementor-invisible\" data-id=\"95ca087\" data-element_type=\"section\" data-settings=\"{&quot;background_background&quot;:&quot;classic&quot;,&quot;animation&quot;:&quot;fadeInUp&quot;}\">\n\t\t\t\t\t\t\t<div class=\"elementor-background-overlay\"><\/div>\n\t\t\t\t\t\t\t<div class=\"elementor-container elementor-column-gap-no\">\n\t\t\t\t\t<div class=\"elementor-column elementor-col-100 elementor-top-column elementor-element elementor-element-1834e26\" data-id=\"1834e26\" data-element_type=\"column\">\n\t\t\t<div class=\"elementor-widget-wrap elementor-element-populated\">\n\t\t\t\t\t\t<div class=\"elementor-element elementor-element-fc5899e elementor-widget elementor-widget-image\" data-id=\"fc5899e\" data-element_type=\"widget\" data-widget_type=\"image.default\">\n\t\t\t\t<div class=\"elementor-widget-container\">\n\t\t\t\t\t\t\t\t\t\t\t\t\t<img decoding=\"async\" width=\"720\" height=\"900\" src=\"https:\/\/pontoamazonico.mx\/wp-content\/uploads\/2021\/07\/alta-frecuencia.jpg\" class=\"attachment-medium_large size-medium_large wp-image-2786\" alt=\"\" srcset=\"https:\/\/pontoamazonico.mx\/wp-content\/uploads\/2021\/07\/alta-frecuencia.jpg 720w, https:\/\/pontoamazonico.mx\/wp-content\/uploads\/2021\/07\/alta-frecuencia-460x575.jpg 460w, https:\/\/pontoamazonico.mx\/wp-content\/uploads\/2021\/07\/alta-frecuencia-116x145.jpg 116w, https:\/\/pontoamazonico.mx\/wp-content\/uploads\/2021\/07\/alta-frecuencia-232x290.jpg 232w\" sizes=\"(max-width: 720px) 100vw, 720px\" \/>\t\t\t\t\t\t\t\t\t\t\t\t\t<\/div>\n\t\t\t\t<\/div>\n\t\t\t\t\t<\/div>\n\t\t<\/div>\n\t\t\t\t<div class=\"elementor-column elementor-col-100 elementor-top-column elementor-element elementor-element-bdafc07\" data-id=\"bdafc07\" data-element_type=\"column\">\n\t\t\t<div class=\"elementor-widget-wrap elementor-element-populated\">\n\t\t\t\t\t\t<section class=\"elementor-section elementor-inner-section elementor-element elementor-element-efd8901 elementor-section-boxed elementor-section-height-default elementor-section-height-default\" data-id=\"efd8901\" data-element_type=\"section\" data-settings=\"{&quot;background_background&quot;:&quot;classic&quot;}\">\n\t\t\t\t\t\t<div class=\"elementor-container elementor-column-gap-no\">\n\t\t\t\t\t<div class=\"elementor-column elementor-col-100 elementor-inner-column elementor-element elementor-element-11ed649\" data-id=\"11ed649\" data-element_type=\"column\">\n\t\t\t<div class=\"elementor-widget-wrap elementor-element-populated\">\n\t\t\t\t\t\t<div class=\"elementor-element elementor-element-86d0dad elementor-widget elementor-widget-heading\" data-id=\"86d0dad\" data-element_type=\"widget\" data-widget_type=\"heading.default\">\n\t\t\t\t<div class=\"elementor-widget-container\">\n\t\t\t<style>\/*! elementor - v3.21.0 - 22-05-2024 *\/\n.elementor-heading-title{padding:0;margin:0;line-height:1}.elementor-widget-heading .elementor-heading-title[class*=elementor-size-]>a{color:inherit;font-size:inherit;line-height:inherit}.elementor-widget-heading .elementor-heading-title.elementor-size-small{font-size:15px}.elementor-widget-heading .elementor-heading-title.elementor-size-medium{font-size:19px}.elementor-widget-heading .elementor-heading-title.elementor-size-large{font-size:29px}.elementor-widget-heading .elementor-heading-title.elementor-size-xl{font-size:39px}.elementor-widget-heading .elementor-heading-title.elementor-size-xxl{font-size:59px}<\/style><h2 class=\"elementor-heading-title elementor-size-xl\">High capillary frequency<\/h2>\t\t<\/div>\n\t\t\t\t<\/div>\n\t\t\t\t<div class=\"elementor-element elementor-element-00c8828 elementor-widget elementor-widget-text-editor\" data-id=\"00c8828\" data-element_type=\"widget\" data-widget_type=\"text-editor.default\">\n\t\t\t\t<div class=\"elementor-widget-container\">\n\t\t\t\t\t\t\t<p><span style=\"font-weight: 400;\">The\u00a0<\/span><b>capillary high frequency<\/b><span style=\"font-weight: 400;\">\u00a0is a procedure in which electromagnetic energy is applied to the surface\u00a0<\/span><b>capillary<\/b><span style=\"font-weight: 400;\">\u00a0to stimulate its growth and regeneration. This can also be used as a preventive treatment for hair loss.<\/span><\/p><p><span style=\"font-weight: 400;\">What is the\u00a0<\/span><b>high frequency<\/b><span style=\"font-weight: 400;\">? These are glass electrodes filled with gas, which aim to generate an increase in heat in the skin, greater blood supply and enrichment of the tissue with oxygen. It has disinfectant, decongestant, anti-inflammatory and tissue stimulating effects.<\/span><\/p><p><span style=\"font-weight: 400;\">This treatment begins with the disinfection of the scalp, by applying high-frequency electromagnetic radiation a release of ozone is generated, which with its antibacterial effects collaborates with the cleaning of the scalp, rehabilitating the damaged cells.<\/span><\/p>\t\t\t\t\t\t<\/div>\n\t\t\t\t<\/div>\n\t\t\t\t\t<\/div>\n\t\t<\/div>\n\t\t\t\t\t<\/div>\n\t\t<\/section>\n\t\t\t\t\t<\/div>\n\t\t<\/div>\n\t\t\t\t\t<\/div>\n\t\t<\/section>\n\t\t\t\t<section class=\"elementor-section elementor-top-section elementor-element elementor-element-450b3d2 elementor-section-boxed elementor-section-height-default elementor-section-height-default elementor-invisible\" data-id=\"450b3d2\" data-element_type=\"section\" data-settings=\"{&quot;animation&quot;:&quot;fadeInUp&quot;}\">\n\t\t\t\t\t\t<div class=\"elementor-container elementor-column-gap-default\">\n\t\t\t\t\t<div class=\"elementor-column elementor-col-50 elementor-top-column elementor-element elementor-element-31615c9\" data-id=\"31615c9\" data-element_type=\"column\">\n\t\t\t<div class=\"elementor-widget-wrap elementor-element-populated\">\n\t\t\t\t\t\t<div class=\"elementor-element elementor-element-5119d84 elementor-widget elementor-widget-ideapark-heading\" data-id=\"5119d84\" data-element_type=\"widget\" data-widget_type=\"ideapark-heading.default\">\n\t\t\t\t<div class=\"elementor-widget-container\">\n\t\t\t<div class=\"c-ip-heading c-ip-heading--large c-ip-heading--center c-ip-heading--tablet- c-ip-heading--mobile- c-ip-heading--bullet-hide\"><span class=\"c-ip-heading__inner\">Therapeutic Hair Massage<\/span><\/div>\t\t<\/div>\n\t\t\t\t<\/div>\n\t\t\t\t<div class=\"elementor-element elementor-element-c21ce14 elementor-widget elementor-widget-text-editor\" data-id=\"c21ce14\" data-element_type=\"widget\" data-widget_type=\"text-editor.default\">\n\t\t\t\t<div class=\"elementor-widget-container\">\n\t\t\t\t\t\t\t<p><span style=\"font-weight: 400;\">It is a technique consisting of gently and methodically massaging the scalp to strengthen by reactivating the circulatory system.<\/span><\/p><p><span style=\"font-weight: 400;\">To the\u00a0<\/span><b>to stimulate<\/b><span style=\"font-weight: 400;\">\u00a0with the\u00a0<\/span><b>massage<\/b><span style=\"font-weight: 400;\">\u00a0blood vessels, circulation flows more organically. With the blood flowing more optimally to the follicles\u00a0<\/span><b>capillaries<\/b><span style=\"font-weight: 400;\">\u00a0- where the hair begins- they receive more nutrients and oxygen, which makes the hair grow stronger and faster.<\/span><\/p><p><span style=\"font-weight: 400;\">Hair massages have very positive effects on the rest of the body&#039;s tissues and those who receive it feel a pleasant sensation of tranquility and relaxation.<\/span><\/p><p><span style=\"font-weight: 400;\">In addition to the benefits already mentioned, the capillary massage also; activates the blood circulation of the scalp; strengthens hair from the pore; relieve visual fatigue; helps reduce stress and anxiety situations and increases the production of endorphins and serotonins, among others.<\/span><\/p>\t\t\t\t\t\t<\/div>\n\t\t\t\t<\/div>\n\t\t\t\t\t<\/div>\n\t\t<\/div>\n\t\t\t\t<div class=\"elementor-column elementor-col-50 elementor-top-column elementor-element elementor-element-604995e\" data-id=\"604995e\" data-element_type=\"column\">\n\t\t\t<div class=\"elementor-widget-wrap elementor-element-populated\">\n\t\t\t\t\t\t<div class=\"elementor-element elementor-element-5930c3f elementor-widget elementor-widget-image\" data-id=\"5930c3f\" data-element_type=\"widget\" data-widget_type=\"image.default\">\n\t\t\t\t<div class=\"elementor-widget-container\">\n\t\t\t\t\t\t\t\t\t\t\t\t\t<img loading=\"lazy\" decoding=\"async\" width=\"460\" height=\"575\" src=\"https:\/\/pontoamazonico.mx\/wp-content\/uploads\/2021\/07\/masaje-460x575.jpg\" class=\"attachment-medium size-medium wp-image-2793\" alt=\"\" srcset=\"https:\/\/pontoamazonico.mx\/wp-content\/uploads\/2021\/07\/masaje-460x575.jpg 460w, https:\/\/pontoamazonico.mx\/wp-content\/uploads\/2021\/07\/masaje-116x145.jpg 116w, https:\/\/pontoamazonico.mx\/wp-content\/uploads\/2021\/07\/masaje-232x290.jpg 232w, https:\/\/pontoamazonico.mx\/wp-content\/uploads\/2021\/07\/masaje.jpg 720w\" sizes=\"(max-width: 460px) 100vw, 460px\" \/>\t\t\t\t\t\t\t\t\t\t\t\t\t<\/div>\n\t\t\t\t<\/div>\n\t\t\t\t\t<\/div>\n\t\t<\/div>\n\t\t\t\t\t<\/div>\n\t\t<\/section>\n\t\t\t\t<section class=\"elementor-section elementor-top-section elementor-element elementor-element-15f56fb elementor-section-boxed elementor-section-height-default elementor-section-height-default\" data-id=\"15f56fb\" data-element_type=\"section\">\n\t\t\t\t\t\t<div class=\"elementor-container elementor-column-gap-default\">\n\t\t\t\t\t\t<\/div>\n\t\t<\/section>\n\t\t\t\t<\/div>","protected":false},"excerpt":{"rendered":"<p>Conoce nuestra tecnolog\u00eda En Ponto Amaz\u00f3nico ofrecemos y utilizamos lo mejor de la tecnolog\u00eda aplicada a la belleza y cuidado capilar. Capil\u00f3grafo&hellip;<\/p>","protected":false},"author":1,"featured_media":0,"parent":0,"menu_order":0,"comment_status":"closed","ping_status":"closed","template":"elementor_header_footer","meta":{"footnotes":""},"class_list":["post-2756","page","type-page","status-publish","hentry"],"_links":{"self":[{"href":"https:\/\/pontoamazonico.mx\/en\/wp-json\/wp\/v2\/pages\/2756","targetHints":{"allow":["GET"]}}],"collection":[{"href":"https:\/\/pontoamazonico.mx\/en\/wp-json\/wp\/v2\/pages"}],"about":[{"href":"https:\/\/pontoamazonico.mx\/en\/wp-json\/wp\/v2\/types\/page"}],"author":[{"embeddable":true,"href":"https:\/\/pontoamazonico.mx\/en\/wp-json\/wp\/v2\/users\/1"}],"replies":[{"embeddable":true,"href":"https:\/\/pontoamazonico.mx\/en\/wp-json\/wp\/v2\/comments?post=2756"}],"version-history":[{"count":43,"href":"https:\/\/pontoamazonico.mx\/en\/wp-json\/wp\/v2\/pages\/2756\/revisions"}],"predecessor-version":[{"id":4255,"href":"https:\/\/pontoamazonico.mx\/en\/wp-json\/wp\/v2\/pages\/2756\/revisions\/4255"}],"wp:attachment":[{"href":"https:\/\/pontoamazonico.mx\/en\/wp-json\/wp\/v2\/media?parent=2756"}],"curies":[{"name":"wp","href":"https:\/\/api.w.org\/{rel}","templated":true}]}}