{"id":179,"date":"2020-10-21T08:35:42","date_gmt":"2020-10-21T05:35:42","guid":{"rendered":"https:\/\/parkofideas.com\/luchiana\/demo\/?page_id=179"},"modified":"2023-04-18T01:51:35","modified_gmt":"2023-04-18T01:51:35","slug":"faq","status":"publish","type":"page","link":"https:\/\/pontoamazonico.mx\/en\/faq\/","title":{"rendered":"Frequent questions"},"content":{"rendered":"<div data-elementor-type=\"wp-page\" data-elementor-id=\"179\" class=\"elementor elementor-179\">\n\t\t\t\t\t\t<section class=\"elementor-section elementor-top-section elementor-element elementor-element-51cc69c elementor-section-full_width elementor-section-height-default elementor-section-height-default elementor-invisible\" data-id=\"51cc69c\" data-element_type=\"section\" data-settings=\"{&quot;animation&quot;:&quot;fadeInUp&quot;,&quot;background_background&quot;:&quot;classic&quot;}\">\n\t\t\t\t\t\t<div class=\"elementor-container elementor-column-gap-no\">\n\t\t\t\t\t<div class=\"elementor-column elementor-col-100 elementor-top-column elementor-element elementor-element-d3159a6\" data-id=\"d3159a6\" data-element_type=\"column\">\n\t\t\t<div class=\"elementor-widget-wrap elementor-element-populated\">\n\t\t\t\t\t\t<div class=\"elementor-element elementor-element-d04350a elementor-widget elementor-widget-ideapark-page-header\" data-id=\"d04350a\" data-element_type=\"widget\" data-widget_type=\"ideapark-page-header.default\">\n\t\t\t\t<div class=\"elementor-widget-container\">\n\t\t\t\t<header\n\t\tclass=\"l-section c-page-header c-page-header--header-type-4 c-page-header--default c-page-header--low\"\n\t\t>\n\n\t\t\t\t\t<div class=\"c-page-header__wrap\">\n\t\t\t\t\t\t\t\t\t<h1 class=\"c-page-header__title\">Frequent questions<\/h1>\n\t\t\t\t\t\t\t<\/div>\n\t\t\t\t\t\t\t<div class=\"c-page-header__spacer\"><\/div>\n\t\t\t<\/header>\n\n\t\t<\/div>\n\t\t\t\t<\/div>\n\t\t\t\t\t<\/div>\n\t\t<\/div>\n\t\t\t\t\t<\/div>\n\t\t<\/section>\n\t\t\t\t<section class=\"elementor-section elementor-top-section elementor-element elementor-element-f12da0b elementor-section-boxed elementor-section-height-default elementor-section-height-default elementor-invisible\" data-id=\"f12da0b\" data-element_type=\"section\" data-settings=\"{&quot;background_background&quot;:&quot;classic&quot;,&quot;animation&quot;:&quot;fadeInUp&quot;}\">\n\t\t\t\t\t\t<div class=\"elementor-container elementor-column-gap-no\">\n\t\t\t\t\t<div class=\"elementor-column elementor-col-100 elementor-top-column elementor-element elementor-element-8ae6f45\" data-id=\"8ae6f45\" data-element_type=\"column\">\n\t\t\t<div class=\"elementor-widget-wrap elementor-element-populated\">\n\t\t\t\t\t\t<div class=\"elementor-element elementor-element-cf456e7 elementor-widget elementor-widget-ideapark-accordion\" data-id=\"cf456e7\" data-element_type=\"widget\" data-widget_type=\"ideapark-accordion.default\">\n\t\t\t\t<div class=\"elementor-widget-container\">\n\t\t\t\t\t<div class=\"c-ip-accordion\">\n\t\t\t<div class=\"c-ip-accordion__wrap c-ip-accordion__wrap--layout-2\">\n\t\t\t\t<div class=\"c-ip-accordion__list c-ip-accordion__list--layout-2\">\n\t\t\t\t\t\t\t\t\t\t<div class=\"c-ip-accordion__item c-ip-accordion__item--layout-2\">\n\t\t\t\t\t\t<a class=\"c-ip-accordion__header c-ip-accordion__header--layout-2 js-accordion-title\" href=\"\" onclick=\"return false;\">\u00bfLOS ALISADOS QUE REALIZAN SON PERMANENTES?<i class=\"ip-right c-ip-accordion__arrow c-ip-accordion__arrow--layout-2\"><\/i><\/a>\t\t\t\t\t\t<div class=\"c-ip-accordion__content c-ip-accordion__content--layout-2\"><p class=\"p1\">No realizamos alisados permanentes ya que la base de estos tratamientos son el FORMOL que al final plastifica tu cabello y es nocivo para la salud.<\/p><p class=\"p1\">En Ponto Amaz\u00f3nico \u00fanicamente trabajamos con alisados progresivos cuya duraci\u00f3n depende en gran medida de las propiedades del cabello en que se realizan y de los cuidados posteriores que tengas. Sin embargo, a medida que se repite, el resultado es mejor y de mayor duraci\u00f3n.<\/p><p>\u00a0<\/p><\/div>\t\t\t\t\t<\/div>\n\t\t\t\t\t\t\t\t\t\t\t\t\t\t\t<div class=\"c-ip-accordion__item c-ip-accordion__item--layout-2\">\n\t\t\t\t\t\t<a class=\"c-ip-accordion__header c-ip-accordion__header--layout-2 js-accordion-title\" href=\"\" onclick=\"return false;\">\u00bfTIENEN TRATAMIENTOS PARA LAS QUE NO QUEREMOS SER LACIAS?<i class=\"ip-right c-ip-accordion__arrow c-ip-accordion__arrow--layout-2\"><\/i><\/a>\t\t\t\t\t\t<div class=\"c-ip-accordion__content c-ip-accordion__content--layout-2\"><p class=\"p1\">SI, tenemos muchos tratamientos que <strong>NO ALISAN EL CABELLO<\/strong>.En los chinos o ondas podemos controlar el frizz respetando la forma natural del cabello, adem\u00e1s, nutrir, reparar, relajar zonas que lo necesiten, etc.<\/p><p class=\"p1\">Nuestro tratamientos est\u00e1n enfocados en regresar el cabello a su estado m\u00e1s sano bas\u00e1ndonos en tus gustos y necesidades capilares.<\/p><\/div>\t\t\t\t\t<\/div>\n\t\t\t\t\t\t\t\t\t\t\t\t\t\t\t<div class=\"c-ip-accordion__item c-ip-accordion__item--layout-2\">\n\t\t\t\t\t\t<a class=\"c-ip-accordion__header c-ip-accordion__header--layout-2 js-accordion-title\" href=\"\" onclick=\"return false;\">No se que tratamiento elegir<i class=\"ip-right c-ip-accordion__arrow c-ip-accordion__arrow--layout-2\"><\/i><\/a>\t\t\t\t\t\t<div class=\"c-ip-accordion__content c-ip-accordion__content--layout-2\"><p class=\"p1\">No te preocupes, no es necesario que elijas un tratamiento previamente, pero si nos ayuda mucho que nos indiques el <strong>resultado deseado\u00a0<\/strong>a fin de calcular el tiempo requerido para tu servicio. El d\u00eda de tu cita una especialista har\u00e1 una valoraci\u00f3n (diagn\u00f3stico capilar) de las condiciones y caracter\u00edsticas de tu cabello a fin de asesorarte y entregarte el resultado deseado.<\/p><\/div>\t\t\t\t\t<\/div>\n\t\t\t\t\t\t\t\t\t\t\t\t\t\t\t<div class=\"c-ip-accordion__item c-ip-accordion__item--layout-2\">\n\t\t\t\t\t\t<a class=\"c-ip-accordion__header c-ip-accordion__header--layout-2 js-accordion-title\" href=\"\" onclick=\"return false;\">\u00bfsi me realizo un alisado, queda 100% liso?<i class=\"ip-right c-ip-accordion__arrow c-ip-accordion__arrow--layout-2\"><\/i><\/a>\t\t\t\t\t\t<div class=\"c-ip-accordion__content c-ip-accordion__content--layout-2\"><h1 class=\"p1\">The progressive straightening processes, applied correctly, smooth from a 70% to a 100% according to the structure of the hair in which they are applied, in addition to smoothing you will also have:<\/h1><ul class=\"ul1\"><li class=\"li1\">A disciplined hair<\/li><li class=\"li1\">Elimination of frizz<\/li><li class=\"li1\">Volume decrease<\/li><li class=\"li1\">They add shine and softness<\/li><\/ul><p class=\"p1\">The subsequent use of the dryer and the iron is optional, however, we recommend doing it sporadically (always using a thermal protector) during the first months since these products are reactivated by heat.<\/p><p class=\"p1\">Since the straightening is progressive, as it is repeated, the result will be smoother and longer lasting. However, we recommend not letting the hair return to its natural state before visiting us again.<\/p><p class=\"p1\">We must also bear in mind that progressive straightening processes do not provide the same smooth effect of a permanent straightening but have the advantage of providing a more natural smoothness and of not being aggressive with the hair.<\/p><\/div>\t\t\t\t\t<\/div>\n\t\t\t\t\t\t\t\t\t\t\t\t\t\t\t<div class=\"c-ip-accordion__item c-ip-accordion__item--layout-2\">\n\t\t\t\t\t\t<a class=\"c-ip-accordion__header c-ip-accordion__header--layout-2 js-accordion-title\" href=\"\" onclick=\"return false;\">Do straightening products alter hair color?<i class=\"ip-right c-ip-accordion__arrow c-ip-accordion__arrow--layout-2\"><\/i><\/a>\t\t\t\t\t\t<div class=\"c-ip-accordion__content c-ip-accordion__content--layout-2\"><p class=\"p1\">Si tu cabello tiene su color natural, no hay ning\u00fan tipo de alteraci\u00f3n.<\/p><p class=\"p1\">Si tienes un proceso de coloraci\u00f3n debes tener en cuenta que los productos de alisado tienden a aclarar el cabello entre medio y 2 tonos.<\/p><p class=\"p1\">En el cabello que ha sido decolorado y posteriormente matizado, es probable que los productos barran el matizante haciendo que el pelo resulte en el tono que ha sido decolorado.<\/p><p>No te preocupes ya que posterior al tratamiento puedes hacerte un ba\u00f1o de color o matizar tu cabello sin afectar el resultado del tratamiento.<\/p><\/div>\t\t\t\t\t<\/div>\n\t\t\t\t\t\t\t\t\t\t\t\t\t\t\t<div class=\"c-ip-accordion__item c-ip-accordion__item--layout-2\">\n\t\t\t\t\t\t<a class=\"c-ip-accordion__header c-ip-accordion__header--layout-2 js-accordion-title\" href=\"\" onclick=\"return false;\">Straightening and Color Which comes first?<i class=\"ip-right c-ip-accordion__arrow c-ip-accordion__arrow--layout-2\"><\/i><\/a>\t\t\t\t\t\t<div class=\"c-ip-accordion__content c-ip-accordion__content--layout-2\"><p class=\"p1\">If you are going to bleach, we recommend doing this process at least 72 hours (3 days) before straightening. It could happen that after straightening the tone changes a little, but don&#039;t worry, you can tone the color with a product without ammonia after straightening. This way you will have the expected result, smooth and with a beautiful color!<\/p><p class=\"p1\">But if what you want is a dye or base color, we recommend applying it 3 days after straightening. Try to use an ammonia-free dye so as not to affect the effect of the straightening.<\/p><\/div>\t\t\t\t\t<\/div>\n\t\t\t\t\t\t\t\t\t\t\t\t\t\t\t<div class=\"c-ip-accordion__item c-ip-accordion__item--layout-2\">\n\t\t\t\t\t\t<a class=\"c-ip-accordion__header c-ip-accordion__header--layout-2 js-accordion-title\" href=\"\" onclick=\"return false;\">\u00bfLos productos pueden influir en la caida del cabello?<i class=\"ip-right c-ip-accordion__arrow c-ip-accordion__arrow--layout-2\"><\/i><\/a>\t\t\t\t\t\t<div class=\"c-ip-accordion__content c-ip-accordion__content--layout-2\"><p class=\"p1\">Our treatments do not cause loss: they control volume and frizz, give life, shine and a lot of softness. However, we must differentiate between two types of fall: the fall from the follicle (which is of internal origin) and the fall due to breakage (which is of external origin):<\/p><p class=\"p1\"><b>The fall from the follicle:<\/b><\/p><p class=\"p1\">It is the most common and the one that most worries us women. In most cases, it is a completely normal fall, typical of our body: just as we fall, we are born again. But this type of fall is also influenced by:<\/p><ul class=\"ul1\"><li class=\"li1\">Hormonal changes<\/li><li class=\"li1\">Stress<\/li><li class=\"li1\">Seasonal changes<\/li><li class=\"li1\">Lack of iron or vitamins in the body<\/li><li class=\"li1\">Drastic changes in diet<\/li><li class=\"li1\">Postpartum<\/li><li class=\"li1\">It is best to visit your doctor to rule out any of these reasons.<\/li><\/ul><p class=\"p1\"><span class=\"s1\"><b>The fall due to breakage:<\/b><\/span><\/p><p class=\"p1\">Si el cabello se est\u00e1 cayendo porque se rompe, es muy posible que sea por un producto de mala calidad, por excesiva tracci\u00f3n y calor del secador o la plancha, por extensiones, o por un mal proceso qu\u00edmico.<\/p><\/div>\t\t\t\t\t<\/div>\n\t\t\t\t\t\t\t\t\t\t\t\t\t\t\t<div class=\"c-ip-accordion__item c-ip-accordion__item--layout-2\">\n\t\t\t\t\t\t<a class=\"c-ip-accordion__header c-ip-accordion__header--layout-2 js-accordion-title\" href=\"\" onclick=\"return false;\">What are the possible side effects after straightening?<i class=\"ip-right c-ip-accordion__arrow c-ip-accordion__arrow--layout-2\"><\/i><\/a>\t\t\t\t\t\t<div class=\"c-ip-accordion__content c-ip-accordion__content--layout-2\"><p class=\"p1\">That there is (not in all cases) a slight peeling on the scalp. This is because the products have an acid PH. The flaking tends to disappear between 2 and 3 weeks later.<\/p><p class=\"p1\">Que el cabello luzca grasoso con mayor facilidad. Esto se debe a que el alisado crea una capa que cubre cada hebra capilar haciendo que el cabello pierda la capacidad de absorci\u00f3n de la grasa que produce el cuero cabelludo. Para manejar el exceso de grasa puedes utilizar un shampoo seco o lavar el cabello con mayor frecuencia utilizando un shampoo bajo en sulfatos (ten en cuenta que los shampoos especiales para el control de grasa suelen ser altos en sulfatos y pueden afectar la duraci\u00f3n del alisado).<\/p><p class=\"p1\">\u00a0<\/p><\/div>\t\t\t\t\t<\/div>\n\t\t\t\t\t\t\t\t\t\t\t\t\t\t\t<div class=\"c-ip-accordion__item c-ip-accordion__item--layout-2\">\n\t\t\t\t\t\t<a class=\"c-ip-accordion__header c-ip-accordion__header--layout-2 js-accordion-title\" href=\"\" onclick=\"return false;\">Do your products mistreat the hair?<i class=\"ip-right c-ip-accordion__arrow c-ip-accordion__arrow--layout-2\"><\/i><\/a>\t\t\t\t\t\t<div class=\"c-ip-accordion__content c-ip-accordion__content--layout-2\"><p class=\"p1\">No. Por el contrario, nuestros productos tienen un efecto hidratante y restaurador. Dejan el cabello suave, hidratado, brillante y con vida.<\/p><\/div>\t\t\t\t\t<\/div>\n\t\t\t\t\t\t\t\t\t<\/div>\n\t\t\t\t<div class=\"c-ip-accordion__list c-ip-accordion__list--layout-2\">\n\t\t\t\t\t\t\t\t\t\t\t\t\t\t\t<div class=\"c-ip-accordion__item c-ip-accordion__item--layout-2\">\n\t\t\t\t\t\t<a class=\"c-ip-accordion__header c-ip-accordion__header--layout-2 js-accordion-title\" href=\"\" onclick=\"return false;\">\u00bfCADA CU\u00c1NTO PUEDO REPETIR mi tratamiento?<i class=\"ip-right c-ip-accordion__arrow c-ip-accordion__arrow--layout-2\"><\/i><\/a>\t\t\t\t\t\t<div class=\"c-ip-accordion__content c-ip-accordion__content--layout-2\"><p class=\"p1\">\u00a1Cuando quieras! No hay un tiempo m\u00ednimo. La idea es que no esperes a que tu cabello vuelva a su estado natural. Por ser un tratamiento progresivo es recomendable repetirlo cuando a\u00fan sientes el efecto del tratamiento. As\u00ed, cada proceso tendr\u00e1 un mejor resultado y una mayor duraci\u00f3n.<\/p><\/div>\t\t\t\t\t<\/div>\n\t\t\t\t\t\t\t\t\t\t\t\t\t\t\t<div class=\"c-ip-accordion__item c-ip-accordion__item--layout-2\">\n\t\t\t\t\t\t<a class=\"c-ip-accordion__header c-ip-accordion__header--layout-2 js-accordion-title\" href=\"\" onclick=\"return false;\">\u00bfPUEDO HACERME  SUS TRATAMIENTOS SI ESTOY EMBARAZADA?<i class=\"ip-right c-ip-accordion__arrow c-ip-accordion__arrow--layout-2\"><\/i><\/a>\t\t\t\t\t\t<div class=\"c-ip-accordion__content c-ip-accordion__content--layout-2\"><p class=\"p1\">Siempre y cuando consultes primero con tu m\u00e9dico. La mayor\u00eda de nuestros tratamientos son compatibles con mujeres en estado de gestaci\u00f3n o Lactantes, cuyos componentes son \u00e1cidos org\u00e1nicos que no contiene formol ni ning\u00fan qu\u00edmico que pueda afectar tu salud o la de tu bebe. (puedes solicitar los ingredientes via whatsapp)<\/p><\/div>\t\t\t\t\t<\/div>\n\t\t\t\t\t\t\t\t\t\t\t\t\t\t\t<div class=\"c-ip-accordion__item c-ip-accordion__item--layout-2\">\n\t\t\t\t\t\t<a class=\"c-ip-accordion__header c-ip-accordion__header--layout-2 js-accordion-title\" href=\"\" onclick=\"return false;\">\u00bfCu\u00e1nto tiempo debo de esperar para lavar mi cabello despu\u00e9s de sus tratamientos?<i class=\"ip-right c-ip-accordion__arrow c-ip-accordion__arrow--layout-2\"><\/i><\/a>\t\t\t\t\t\t<div class=\"c-ip-accordion__content c-ip-accordion__content--layout-2\"><p class=\"p1\">Si te realizaste un proceso de alisado progresivo con nosotros, lo lavamos el mismo d\u00eda antes de terminar tu cita.<\/p><p>Las terapias, tratamientos control de frizz o mixtos puedes lavarlo el mismo d\u00eda en casa o al d\u00eda siguiente.<\/p><\/div>\t\t\t\t\t<\/div>\n\t\t\t\t\t\t\t\t\t\t\t\t\t\t\t<div class=\"c-ip-accordion__item c-ip-accordion__item--layout-2\">\n\t\t\t\t\t\t<a class=\"c-ip-accordion__header c-ip-accordion__header--layout-2 js-accordion-title\" href=\"\" onclick=\"return false;\">What shampoo should I use to maintain the straightening?<i class=\"ip-right c-ip-accordion__arrow c-ip-accordion__arrow--layout-2\"><\/i><\/a>\t\t\t\t\t\t<div class=\"c-ip-accordion__content c-ip-accordion__content--layout-2\"><p class=\"p1\">Los shampoos con bajo contenido de sodio y sulfatos, los que conocemos como \u201csin sal\u201d, son los m\u00e1s adecuados para mantener el resultado del alisado progresivo. En nuestras sucursal contamos con diferentes opciones para el cuidado de tu tratamiento.<\/p><\/div>\t\t\t\t\t<\/div>\n\t\t\t\t\t\t\t\t\t\t\t\t\t\t\t<div class=\"c-ip-accordion__item c-ip-accordion__item--layout-2\">\n\t\t\t\t\t\t<a class=\"c-ip-accordion__header c-ip-accordion__header--layout-2 js-accordion-title\" href=\"\" onclick=\"return false;\">Should I blow-dry my hair after washing it?<i class=\"ip-right c-ip-accordion__arrow c-ip-accordion__arrow--layout-2\"><\/i><\/a>\t\t\t\t\t\t<div class=\"c-ip-accordion__content c-ip-accordion__content--layout-2\"><p class=\"p1\">No es estrictamente necesario. Sin embargo, el calor espor\u00e1dico del secador hace que el tratamiento tenga un mejor resultado ya que reactiva los productos termo sellados (no es necesario hacer un moldeado o planchado, con el aire caliente es suficiente).<\/p><p class=\"p1\">Recuerda usar un producto con protecci\u00f3n t\u00e9rmica, evita las temperaturas altas y mant\u00e9n una distancia prudente entre el secador y el cabello. Aqu\u00ed puedes encontrar una muy buena opcion para proteger tu cabello del calor y los agentes externos.<\/p><\/div>\t\t\t\t\t<\/div>\n\t\t\t\t\t\t\t\t\t\t\t\t\t\t\t<div class=\"c-ip-accordion__item c-ip-accordion__item--layout-2\">\n\t\t\t\t\t\t<a class=\"c-ip-accordion__header c-ip-accordion__header--layout-2 js-accordion-title\" href=\"\" onclick=\"return false;\">Can I go into the sea and the pool after straightening?<i class=\"ip-right c-ip-accordion__arrow c-ip-accordion__arrow--layout-2\"><\/i><\/a>\t\t\t\t\t\t<div class=\"c-ip-accordion__content c-ip-accordion__content--layout-2\"><p class=\"p1\">S\u00ed. El alisado es una excelente forma de manejar tu cabello en climas calientes. Sin embargo, recomendamos proteger tu cabello con un producto capilar que haga barrera, como lo son los termoprotectores.<\/p><p class=\"p1\">Es muy importante que despu\u00e9s de salir del mar o la piscina, enjuagues con abundante agua dulce (evita que tu cabello se seque con cloro o sal del mar sin enjuagar).<\/p><\/div>\t\t\t\t\t<\/div>\n\t\t\t\t\t\t\t\t\t\t\t\t\t\t\t<div class=\"c-ip-accordion__item c-ip-accordion__item--layout-2\">\n\t\t\t\t\t\t<a class=\"c-ip-accordion__header c-ip-accordion__header--layout-2 js-accordion-title\" href=\"\" onclick=\"return false;\">\u00bfC\u00f3mo debes preparar tu cabello para tu primera cita?<i class=\"ip-right c-ip-accordion__arrow c-ip-accordion__arrow--layout-2\"><\/i><\/a>\t\t\t\t\t\t<div class=\"c-ip-accordion__content c-ip-accordion__content--layout-2\"><p><strong>Lava tu cabello solo con champ\u00fa.\u00a0<\/strong>No use acondicionador, crema para peinar ni aceites.\u00a0Dejar secar al aire libre.\u00a0Desentra\u00f1ar de antemano.\u00a0<\/p><p><strong>Calcula tu tiempo!\u00a0<\/strong>Dependiendo de tu tratamiento personalizado, ser\u00e1 el tiempo de aplicaci\u00f3n que necesitaremos, aproximadamente entre 2 y 3 horas.<\/p><\/div>\t\t\t\t\t<\/div>\n\t\t\t\t\t\t\t\t\t\t\t\t\t\t\t<div class=\"c-ip-accordion__item c-ip-accordion__item--layout-2\">\n\t\t\t\t\t\t<a class=\"c-ip-accordion__header c-ip-accordion__header--layout-2 js-accordion-title\" href=\"\" onclick=\"return false;\">\u00bfTe ti\u00f1es el pelo?<i class=\"ip-right c-ip-accordion__arrow c-ip-accordion__arrow--layout-2\"><\/i><\/a>\t\t\t\t\t\t<div class=\"c-ip-accordion__content c-ip-accordion__content--layout-2\"><p>Lo ideal es hacerlo dos semanas despu\u00e9s de aplicar el tratamiento.\u00a0Esto no afectar\u00e1 el resultado ni la duraci\u00f3n de su tratamiento.<\/p><\/div>\t\t\t\t\t<\/div>\n\t\t\t\t\t\t\t\t\t\t\t\t\t\t<\/div>\n\t\t\t<\/div>\n\t\t<\/div>\n\t\t\t\t<\/div>\n\t\t\t\t<\/div>\n\t\t\t\t\t<\/div>\n\t\t<\/div>\n\t\t\t\t\t<\/div>\n\t\t<\/section>\n\t\t\t\t<\/div>","protected":false},"excerpt":{"rendered":"<p>Preguntas Frecuentes \u00bfLOS ALISADOS QUE REALIZAN SON PERMANENTES? No realizamos alisados permanentes ya que la base de estos tratamientos son el FORMOL&hellip;<\/p>","protected":false},"author":1,"featured_media":0,"parent":0,"menu_order":0,"comment_status":"closed","ping_status":"closed","template":"elementor_header_footer","meta":{"footnotes":""},"class_list":["post-179","page","type-page","status-publish","hentry"],"_links":{"self":[{"href":"https:\/\/pontoamazonico.mx\/en\/wp-json\/wp\/v2\/pages\/179","targetHints":{"allow":["GET"]}}],"collection":[{"href":"https:\/\/pontoamazonico.mx\/en\/wp-json\/wp\/v2\/pages"}],"about":[{"href":"https:\/\/pontoamazonico.mx\/en\/wp-json\/wp\/v2\/types\/page"}],"author":[{"embeddable":true,"href":"https:\/\/pontoamazonico.mx\/en\/wp-json\/wp\/v2\/users\/1"}],"replies":[{"embeddable":true,"href":"https:\/\/pontoamazonico.mx\/en\/wp-json\/wp\/v2\/comments?post=179"}],"version-history":[{"count":28,"href":"https:\/\/pontoamazonico.mx\/en\/wp-json\/wp\/v2\/pages\/179\/revisions"}],"predecessor-version":[{"id":4280,"href":"https:\/\/pontoamazonico.mx\/en\/wp-json\/wp\/v2\/pages\/179\/revisions\/4280"}],"wp:attachment":[{"href":"https:\/\/pontoamazonico.mx\/en\/wp-json\/wp\/v2\/media?parent=179"}],"curies":[{"name":"wp","href":"https:\/\/api.w.org\/{rel}","templated":true}]}}